{"id":233,"date":"2013-06-11T19:43:59","date_gmt":"2013-06-11T19:43:59","guid":{"rendered":"http:\/\/dpsg-andernach.de\/?page_id=2"},"modified":"2025-04-16T17:03:04","modified_gmt":"2025-04-16T16:03:04","slug":"beispiel-seite-2","status":"publish","type":"page","link":"https:\/\/www.dpsg-andernach.de\/","title":{"rendered":"Startseite"},"content":{"rendered":"<div class=\"content__header pt-5\">\n<section class=\"container\">\n<div class=\"row\">\n<div class=\"col-12\">\n<h1 class=\"page-title\">Wir sind umgezogen!<\/h1>\n<\/div>\n<\/div>\n<\/section>\n<\/div>\n<div class=\"content__main\">\n<section class=\"container\">\n<div class=\"row\">\n<div class=\"col-12\">\n<p>Diese Homepage wurde gek\u00fcndigt. Da wir keinen Zugriff mehr haben und kein Kontakt zum Provider besteht, k\u00f6nnen wir diese Seite leider nicht l\u00f6schen.<\/p>\n<p>Aktuelles zum Stammesleben findet ihr auf der neuen Homepage oder auf unserer Facebook-Seite oder dem Instagram-Account.<\/p>\n<p><a href=\"https:\/\/dpsg-andernach.org\/\">https:\/\/dpsg-andernach.org\/<\/a><\/p>\n<p><a href=\"https:\/\/www.facebook.com\/dpsg.andernach\">https:\/\/www.facebook.com\/dpsg.andernach<\/a><\/p>\n<p><a href=\"https:\/\/www.instagram.com\/dpsg_andernach\/\">https:\/\/www.instagram.com\/dpsg_andernach\/<\/a><\/p>\n<\/div>\n<\/div>\n<\/section>\n<\/div>\n<script type=\"text\/javascript\">\r\n                 jQuery(document).ready(function () {\r\n                    jQuery('#carousel1').carousel({interval: 8000});\r\n                 });\r\n              <\/script>\r\n              <div id=\"carousel1\" class=\"carousel slide\">\r\n              <ol class=\"carousel-indicators\"><li data-target=\"#carousel1\" data-slide-to=\"0\" class=\"active\"><\/li><li data-target=\"#carousel1\" data-slide-to=\"1\"><\/li><li data-target=\"#carousel1\" data-slide-to=\"2\"><\/li><\/ol>\r\n               <!-- Carousel items -->\r\n               <div class=\"carousel-inner\"><div class=\"item active\"><img width=\"916\" height=\"515\" src=\"https:\/\/www.dpsg-andernach.de\/wp-content\/uploads\/2016\/06\/slide_01-1024x576.jpg\" class=\"attachment-large size-large\" alt=\"\" loading=\"lazy\" srcset=\"https:\/\/www.dpsg-andernach.de\/wp-content\/uploads\/2016\/06\/slide_01.jpg 1024w, https:\/\/www.dpsg-andernach.de\/wp-content\/uploads\/2016\/06\/slide_01-300x169.jpg 300w, https:\/\/www.dpsg-andernach.de\/wp-content\/uploads\/2016\/06\/slide_01-768x432.jpg 768w\" sizes=\"(max-width: 916px) 100vw, 916px\" \/><\/div><div class=\"item\"><img width=\"916\" height=\"516\" src=\"https:\/\/www.dpsg-andernach.de\/wp-content\/uploads\/2016\/06\/slide_02.jpg\" class=\"attachment-large size-large\" alt=\"\" loading=\"lazy\" srcset=\"https:\/\/www.dpsg-andernach.de\/wp-content\/uploads\/2016\/06\/slide_02.jpg 1000w, https:\/\/www.dpsg-andernach.de\/wp-content\/uploads\/2016\/06\/slide_02-300x169.jpg 300w, https:\/\/www.dpsg-andernach.de\/wp-content\/uploads\/2016\/06\/slide_02-768x432.jpg 768w\" sizes=\"(max-width: 916px) 100vw, 916px\" \/><\/div><div class=\"item\"><img width=\"916\" height=\"516\" src=\"https:\/\/www.dpsg-andernach.de\/wp-content\/uploads\/2016\/06\/slide_03.jpg\" class=\"attachment-large size-large\" alt=\"\" loading=\"lazy\" srcset=\"https:\/\/www.dpsg-andernach.de\/wp-content\/uploads\/2016\/06\/slide_03.jpg 1000w, https:\/\/www.dpsg-andernach.de\/wp-content\/uploads\/2016\/06\/slide_03-300x169.jpg 300w, https:\/\/www.dpsg-andernach.de\/wp-content\/uploads\/2016\/06\/slide_03-768x432.jpg 768w\" sizes=\"(max-width: 916px) 100vw, 916px\" \/><\/div><\/div>\r\n               <!-- Carousel nav -->\r\n               <a class=\"left carousel-control\" href=\"#carousel1\" role=\"button\" data-slide=\"prev\">\r\n                 <span class=\"icon-cprev\" aria-hidden=\"true\"><\/span>\r\n                 <span class=\"sr-only\">Previous<\/span>\r\n               <\/a>\r\n               <a class=\"right carousel-control\" href=\"#carousel1\" role=\"button\" data-slide=\"next\">\r\n                 <span class=\"icon-cnext\" aria-hidden=\"true\"><\/span>\r\n                 <span class=\"sr-only\">Next<\/span>\r\n               <\/a>\r\n              <\/div>\n","protected":false},"excerpt":{"rendered":"<p>Wir sind umgezogen! Diese Homepage wurde gek\u00fcndigt. Da wir keinen Zugriff mehr haben und kein Kontakt zum Provider besteht, k\u00f6nnen wir diese Seite leider nicht l\u00f6schen. Aktuelles zum Stammesleben findet ihr auf der neuen Homepage oder auf unserer Facebook-Seite oder dem Instagram-Account. https:\/\/dpsg-andernach.org\/ https:\/\/www.facebook.com\/dpsg.andernach https:\/\/www.instagram.com\/dpsg_andernach\/<\/p>\n","protected":false},"author":1,"featured_media":0,"parent":0,"menu_order":1,"comment_status":"closed","ping_status":"closed","template":"","meta":{"sfsi_plus_gutenberg_text_before_share":"","sfsi_plus_gutenberg_show_text_before_share":"","sfsi_plus_gutenberg_icon_type":"","sfsi_plus_gutenberg_icon_alignemt":"","sfsi_plus_gutenburg_max_per_row":""},"_links":{"self":[{"href":"https:\/\/www.dpsg-andernach.de\/index.php?rest_route=\/wp\/v2\/pages\/233"}],"collection":[{"href":"https:\/\/www.dpsg-andernach.de\/index.php?rest_route=\/wp\/v2\/pages"}],"about":[{"href":"https:\/\/www.dpsg-andernach.de\/index.php?rest_route=\/wp\/v2\/types\/page"}],"author":[{"embeddable":true,"href":"https:\/\/www.dpsg-andernach.de\/index.php?rest_route=\/wp\/v2\/users\/1"}],"replies":[{"embeddable":true,"href":"https:\/\/www.dpsg-andernach.de\/index.php?rest_route=%2Fwp%2Fv2%2Fcomments&post=233"}],"version-history":[{"count":7,"href":"https:\/\/www.dpsg-andernach.de\/index.php?rest_route=\/wp\/v2\/pages\/233\/revisions"}],"predecessor-version":[{"id":1131,"href":"https:\/\/www.dpsg-andernach.de\/index.php?rest_route=\/wp\/v2\/pages\/233\/revisions\/1131"}],"wp:attachment":[{"href":"https:\/\/www.dpsg-andernach.de\/index.php?rest_route=%2Fwp%2Fv2%2Fmedia&parent=233"}],"curies":[{"name":"wp","href":"https:\/\/api.w.org\/{rel}","templated":true}]}}