{"id":43,"date":"2013-06-12T21:35:38","date_gmt":"2013-06-12T19:35:38","guid":{"rendered":"http:\/\/www.dpsg-andernach.de\/?page_id=43"},"modified":"2019-03-03T14:31:08","modified_gmt":"2019-03-03T13:31:08","slug":"43-2","status":"publish","type":"page","link":"https:\/\/www.dpsg-andernach.de\/?page_id=43","title":{"rendered":"Geschichte &#038; Aktionen"},"content":{"rendered":"<h1>Unsere Geschichte<\/h1>\n<ul>\n<li>1990 Gr\u00fcndung des Stammes St. Michael<\/li>\n<li>1991 Roverfahrt nach Berlin<\/li>\n<li>1992 Erstes gro\u00dfes Zeltlager in Westernohe<\/li>\n<li>1993 Zeltlager in Gillenbeuren<\/li>\n<li>1994 Zeltlager in Manderscheid \/ Fahrt nach Korsika<\/li>\n<li>1995 Zetlager in Gering<\/li>\n<li>1996 Zeltlager im Odenwald \/ Fahrt nach Polen<\/li>\n<li>1998 Zeltlager in Schankweiler \/ Pfadi-Bezirkslager in Adenau<\/li>\n<li>1999 Pfadi-Bezirkslager in Rhens<\/li>\n<li>2000 Zeltlager in Kandersteg \/ Leiterfahrt nach Tunesien \/ 10-j\u00e4hriges Jubil\u00e4ums-Lager in St. Jost<\/li>\n<li>2001 Zeltlager in Schankweiler \/ Gr\u00fcndung der Quietschi-Gruppe \/ Paten der Siedlung Eich<\/li>\n<li>2002 Zeltlager in Westernohe \/ Lager im Brexbachtal mit der Siedlung Eich\/ Mithilfe beim Jahrhunderthochwasser \/ Teilnahme einiger Rover an Rovistad<\/li>\n<li>2003 Zeltlager in Zantfort \/ Lager im Brexbachtal mit der Siedlung Eich<\/li>\n<li>2004 Zeltlager in Ruiten \/ 72 Stunden Aktion<\/li>\n<li>2005 Zeltlager in Ferschweiler \/ 15-j\u00e4hriges Jubil\u00e4um mit gro\u00dfem Fest am TBH \/ Abrissparty von Raum 18 auf Grund der Sanierung des Raumes<\/li>\n<li>2006 Zeltlager in \u00d6sterreich<\/li>\n<li>2007 Ehemaligen Lager im Brexbachtal \/ W\u00f6lflingszeltlager in Westernohe<\/li>\n<li>2008 Pfadi-Fahrt durch die Toskana \/ Pfingstlager in Hahn am See<\/li>\n<li>2009 Wikinger-Zeltlager in Kerpen \/ 72 Stunden Aktion<\/li>\n<li>2010 20-j\u00e4hriges Jubil\u00e4um in Westernohe \/ Roverfahrt nach Amsterdam \/ Pfadi-Fahrt nach Freiburg<\/li>\n<li>2011 Geheim-Agenten-Zeltlager in Hauenstein<\/li>\n<li>2012 Zeltlager in Westernohe \/ Jufi-Hike ins Brexbachtal<\/li>\n<li>2013 Regenlager im Brexbachtal \/ 72 Stunden Aktion<\/li>\n<li>2014 Mittelalter-Zeltlager in Hauenstein<\/li>\n<li>2015 Di\u00f6zesan-Lager in Ferschweiler \/ Gruppenraumrenovierung Raum 18 \/25-j\u00e4hriges Jubil\u00e4um mit gro\u00dfem Fest am TBH<\/li>\n<li>2016 Zeltlager in Rhens \/ Jahresaktion auf der Festung Ehrenbreitstein<\/li>\n<li>2017 Harry-Potter-Zeltlager in Hillesheim mit 30-j\u00e4hriger Jubil\u00e4umsfeier des Stammes Balu \/ Jufi-Bezirkswochenende in Adenau<\/li>\n<li>2018 Sommerzeltlager im Brexbachtal \/ Jufi-Hike ins Brexbachtal<\/li>\n<\/ul>\n<h1>Regelm\u00e4\u00dfige Aktionen<\/h1>\n<h3>J\u00e4hrliche Aktionen<\/h3>\n<ul>\n<li>Pfadfindergottesdienst in der Pfarrkirche St. Albert<\/li>\n<li>Stammesversammlung<\/li>\n<li>Bolivienkleidersammlung<\/li>\n<li>Friedenslichtaktion<\/li>\n<li>Bezirksversammlung<\/li>\n<li>blaues Wochenende (nur f\u00fcr Leiter) -&gt; im Wechsel Spa\u00df-Aktion oder Leiterschulung<\/li>\n<li>Pfingsten in Westernohe<\/li>\n<li>&#8230;<\/li>\n<\/ul>\n<h3>Aktionen mit dem Bezirk<\/h3>\n<ul>\n<li>Bezirkslager wie &#8222;Western Jam&#8220;, &#8222;Scout Trip&#8220; oder &#8222;Fit f\u00fcrs Lager&#8220;<\/li>\n<li>Eifel Jamboree<\/li>\n<li>Rover-Leiter-Hike<\/li>\n<li>Bezirksleitertage<\/li>\n<li>Leiterschulungen<\/li>\n<li>&#8230;<\/li>\n<\/ul>\n<h3>Aktionen mit der Di\u00f6zese<\/h3>\n<ul>\n<li>Di\u00f6zesanlager wie &#8222;Schongse&#8220; oder &#8222;Futur Scout&#8220;<\/li>\n<li>DiW\u00f6La<\/li>\n<li>Blue Hike<\/li>\n<li>Stadtabenteuer<\/li>\n<li>Heilig Rock Wallfahrt<\/li>\n<li>&#8230;<\/li>\n<\/ul>\n<h3>FUN-Aktionen<\/h3>\n<ul>\n<li>Schwimmbadbesuche<\/li>\n<li>Drachenfest mit basteln eigener Drachen<\/li>\n<li>Nachtwanderungen mit anschlie\u00dfender \u00dcbernachtung<\/li>\n<li>Gruppenraum\u00fcbernachtungen<\/li>\n<li>Pfadi-Rover-Partys<\/li>\n<li>Karnevalspartys<\/li>\n<li>Halloweenpartys<\/li>\n<li>Rekruten- oder Rosenmontagszugteilnahme<\/li>\n<li>Freizeitparkbesuche<\/li>\n<\/ul>\n","protected":false},"excerpt":{"rendered":"<p>Unsere Geschichte 1990 Gr\u00fcndung des Stammes St. Michael 1991 Roverfahrt nach Berlin 1992 Erstes gro\u00dfes Zeltlager in Westernohe 1993 Zeltlager in Gillenbeuren 1994 Zeltlager in Manderscheid \/ Fahrt nach Korsika 1995 Zetlager in Gering 1996 Zeltlager im Odenwald \/ Fahrt nach Polen 1998 Zeltlager in Schankweiler \/ Pfadi-Bezirkslager in Adenau 1999 Pfadi-Bezirkslager in Rhens 2000 [&hellip;]<\/p>\n","protected":false},"author":1,"featured_media":0,"parent":23,"menu_order":2,"comment_status":"closed","ping_status":"closed","template":"","meta":{"sfsi_plus_gutenberg_text_before_share":"","sfsi_plus_gutenberg_show_text_before_share":"","sfsi_plus_gutenberg_icon_type":"","sfsi_plus_gutenberg_icon_alignemt":"","sfsi_plus_gutenburg_max_per_row":""},"_links":{"self":[{"href":"https:\/\/www.dpsg-andernach.de\/index.php?rest_route=\/wp\/v2\/pages\/43"}],"collection":[{"href":"https:\/\/www.dpsg-andernach.de\/index.php?rest_route=\/wp\/v2\/pages"}],"about":[{"href":"https:\/\/www.dpsg-andernach.de\/index.php?rest_route=\/wp\/v2\/types\/page"}],"author":[{"embeddable":true,"href":"https:\/\/www.dpsg-andernach.de\/index.php?rest_route=\/wp\/v2\/users\/1"}],"replies":[{"embeddable":true,"href":"https:\/\/www.dpsg-andernach.de\/index.php?rest_route=%2Fwp%2Fv2%2Fcomments&post=43"}],"version-history":[{"count":7,"href":"https:\/\/www.dpsg-andernach.de\/index.php?rest_route=\/wp\/v2\/pages\/43\/revisions"}],"predecessor-version":[{"id":767,"href":"https:\/\/www.dpsg-andernach.de\/index.php?rest_route=\/wp\/v2\/pages\/43\/revisions\/767"}],"up":[{"embeddable":true,"href":"https:\/\/www.dpsg-andernach.de\/index.php?rest_route=\/wp\/v2\/pages\/23"}],"wp:attachment":[{"href":"https:\/\/www.dpsg-andernach.de\/index.php?rest_route=%2Fwp%2Fv2%2Fmedia&parent=43"}],"curies":[{"name":"wp","href":"https:\/\/api.w.org\/{rel}","templated":true}]}}