{"id":853,"date":"2019-03-06T22:09:36","date_gmt":"2019-03-06T21:09:36","guid":{"rendered":"http:\/\/www.dpsg-andernach.de\/?page_id=853"},"modified":"2025-04-16T16:57:21","modified_gmt":"2025-04-16T15:57:21","slug":"der-verein","status":"publish","type":"page","link":"https:\/\/www.dpsg-andernach.de\/?page_id=853","title":{"rendered":"Der Verein"},"content":{"rendered":"\n<div class=\"wp-block-media-text alignwide\" style=\"grid-template-columns:46% auto\"><figure class=\"wp-block-media-text__media\"><img loading=\"lazy\" width=\"453\" height=\"452\" src=\"http:\/\/www.dpsg-andernach.de\/wp-content\/uploads\/2019\/03\/Farblogo_rund_eV.png\" alt=\"\" class=\"wp-image-854 size-full\" srcset=\"https:\/\/www.dpsg-andernach.de\/wp-content\/uploads\/2019\/03\/Farblogo_rund_eV.png 453w, https:\/\/www.dpsg-andernach.de\/wp-content\/uploads\/2019\/03\/Farblogo_rund_eV-150x150.png 150w, https:\/\/www.dpsg-andernach.de\/wp-content\/uploads\/2019\/03\/Farblogo_rund_eV-300x300.png 300w\" sizes=\"(max-width: 453px) 100vw, 453px\" \/><\/figure><div class=\"wp-block-media-text__content\">\n<p class=\"has-text-align-center\" style=\"font-size:22px\">Der Partner und<br>Rechtstr\u00e4ger des Stamms<\/p>\n<\/div><\/div>\n\n\n\n<div style=\"height:29px\" aria-hidden=\"true\" class=\"wp-block-spacer\"><\/div>\n\n\n\n<p>Der gemeinn\u00fctzige Verein unterst\u00fctzt den Stamm bei seinen Aufgaben in der Jugendarbeit und f\u00f6rdert diese entsprechend den Zielen und Inhalten der Ordnung und Satzung der Deutschen Pfadfinderschaft (DPSG). Dazu geh\u00f6ren:<\/p>\n\n\n\n<ul><li>die Verwaltung der Finanzen des Stamms,<\/li><li>die Bereitstellung von Gruppenr\u00e4umen f\u00fcr die Jugendarbeit,<\/li><li>die Beschaffung von F\u00f6rderungen, Zusch\u00fcssen und Spenden und <\/li><li>die Durchf\u00fchrung von \u00d6ffentlichkeitsarbeit f\u00fcr den Stamm.<\/li><\/ul>\n\n\n\n<p>Alle Vereinsmitglieder sind ehrenamtlich t\u00e4tig. Zur Unterst\u00fctzung unserer Arbeit freuen wir uns \u00fcber Spenden.<\/p>\n\n\n\n<p>Neue Mitglieder sind willkommen.<\/p>\n\n\n\n<p>Bei Interesse  und f\u00fcr weitere Informationen sind wir \u00fcber das <a href=\"http:\/\/www.dpsg-andernach.de\/?page_id=20\">Kontaktformular<\/a> erreichbar (und freuen uns \u00fcber Anfragen).<\/p>\n","protected":false},"excerpt":{"rendered":"<p>Der Partner undRechtstr\u00e4ger des Stamms Der gemeinn\u00fctzige Verein unterst\u00fctzt den Stamm bei seinen Aufgaben in der Jugendarbeit und f\u00f6rdert diese entsprechend den Zielen und Inhalten der Ordnung und Satzung der Deutschen Pfadfinderschaft (DPSG). Dazu geh\u00f6ren: die Verwaltung der Finanzen des Stamms, die Bereitstellung von Gruppenr\u00e4umen f\u00fcr die Jugendarbeit, die Beschaffung von F\u00f6rderungen, Zusch\u00fcssen und Spenden [&hellip;]<\/p>\n","protected":false},"author":6,"featured_media":0,"parent":0,"menu_order":0,"comment_status":"closed","ping_status":"closed","template":"","meta":{"sfsi_plus_gutenberg_text_before_share":"","sfsi_plus_gutenberg_show_text_before_share":"","sfsi_plus_gutenberg_icon_type":"","sfsi_plus_gutenberg_icon_alignemt":"","sfsi_plus_gutenburg_max_per_row":""},"_links":{"self":[{"href":"https:\/\/www.dpsg-andernach.de\/index.php?rest_route=\/wp\/v2\/pages\/853"}],"collection":[{"href":"https:\/\/www.dpsg-andernach.de\/index.php?rest_route=\/wp\/v2\/pages"}],"about":[{"href":"https:\/\/www.dpsg-andernach.de\/index.php?rest_route=\/wp\/v2\/types\/page"}],"author":[{"embeddable":true,"href":"https:\/\/www.dpsg-andernach.de\/index.php?rest_route=\/wp\/v2\/users\/6"}],"replies":[{"embeddable":true,"href":"https:\/\/www.dpsg-andernach.de\/index.php?rest_route=%2Fwp%2Fv2%2Fcomments&post=853"}],"version-history":[{"count":12,"href":"https:\/\/www.dpsg-andernach.de\/index.php?rest_route=\/wp\/v2\/pages\/853\/revisions"}],"predecessor-version":[{"id":1128,"href":"https:\/\/www.dpsg-andernach.de\/index.php?rest_route=\/wp\/v2\/pages\/853\/revisions\/1128"}],"wp:attachment":[{"href":"https:\/\/www.dpsg-andernach.de\/index.php?rest_route=%2Fwp%2Fv2%2Fmedia&parent=853"}],"curies":[{"name":"wp","href":"https:\/\/api.w.org\/{rel}","templated":true}]}}